{"id":71,"date":"2017-06-22T09:38:36","date_gmt":"2017-06-22T09:38:36","guid":{"rendered":"https:\/\/www.realtec-groupe.com\/?page_id=71"},"modified":"2026-01-29T15:50:20","modified_gmt":"2026-01-29T15:50:20","slug":"carriere","status":"publish","type":"page","link":"https:\/\/www.realtec-groupe.com\/?page_id=71","title":{"rendered":"Carri\u00e8re"},"content":{"rendered":"<p>[et_pb_section fb_built=\u00a0\u00bb1&Prime; fullwidth=\u00a0\u00bbon\u00a0\u00bb _builder_version=\u00a0\u00bb4.20.0&Prime; _module_preset=\u00a0\u00bbdefault\u00a0\u00bb background_color=\u00a0\u00bbRGBA(255,255,255,0)\u00a0\u00bb use_background_color_gradient=\u00a0\u00bbon\u00a0\u00bb background_color_gradient_stops=\u00a0\u00bbrgba(255,255,255,0.11) 1%|#ffffff 99%\u00a0\u00bb background_color_gradient_overlays_image=\u00a0\u00bbon\u00a0\u00bb background_image=\u00a0\u00bbhttps:\/\/www.realtec-groupe.com\/wp-content\/uploads\/2023\/04\/Bandeau-scaled.jpg\u00a0\u00bb parallax=\u00a0\u00bbon\u00a0\u00bb global_module=\u00a0\u00bb299&Prime; saved_tabs=\u00a0\u00bball\u00a0\u00bb global_colors_info=\u00a0\u00bb{}\u00a0\u00bb][et_pb_fullwidth_header title=\u00a0\u00bb@ET-DC@eyJkeW5hbWljIjp0cnVlLCJjb250ZW50IjoicG9zdF90aXRsZSIsInNldHRpbmdzIjp7ImJlZm9yZSI6IiIsImFmdGVyIjoiIn19@\u00a0\u00bb _builder_version=\u00a0\u00bb4.27.4&Prime; _dynamic_attributes=\u00a0\u00bbtitle\u00a0\u00bb _module_preset=\u00a0\u00bbdefault\u00a0\u00bb title_font=\u00a0\u00bb|800|||||||\u00a0\u00bb title_text_color=\u00a0\u00bb#0C71C3&Prime; background_color=\u00a0\u00bbRGBA(255,255,255,0)\u00a0\u00bb custom_padding=\u00a0\u00bb40px||40px|||\u00a0\u00bb custom_padding_tablet=\u00a0\u00bb\u00a0\u00bb custom_padding_phone=\u00a0\u00bb25px||25px||false|false\u00a0\u00bb custom_padding_last_edited=\u00a0\u00bbon|phone\u00a0\u00bb hover_enabled=\u00a0\u00bb0&Prime; title_font_size_tablet=\u00a0\u00bb\u00a0\u00bb title_font_size_phone=\u00a0\u00bb20px\u00a0\u00bb title_font_size_last_edited=\u00a0\u00bbon|desktop\u00a0\u00bb title_text_shadow_style=\u00a0\u00bbpreset4&Prime; title_text_shadow_horizontal_length=\u00a0\u00bb-0.1em\u00a0\u00bb title_text_shadow_color=\u00a0\u00bb#FFFFFF\u00a0\u00bb global_colors_info=\u00a0\u00bb{}\u00a0\u00bb sticky_enabled=\u00a0\u00bb0&Prime;][\/et_pb_fullwidth_header][\/et_pb_section][et_pb_section fb_built=\u00a0\u00bb1&Prime; _builder_version=\u00a0\u00bb4.20.0&Prime; _module_preset=\u00a0\u00bbdefault\u00a0\u00bb global_colors_info=\u00a0\u00bb{}\u00a0\u00bb][et_pb_row _builder_version=\u00a0\u00bb4.20.0&Prime; _module_preset=\u00a0\u00bbdefault\u00a0\u00bb global_colors_info=\u00a0\u00bb{}\u00a0\u00bb][et_pb_column type=\u00a0\u00bb4_4&Prime; _builder_version=\u00a0\u00bb4.20.0&Prime; _module_preset=\u00a0\u00bbdefault\u00a0\u00bb global_colors_info=\u00a0\u00bb{}\u00a0\u00bb][et_pb_blog fullwidth=\u00a0\u00bboff\u00a0\u00bb posts_number=\u00a0\u00bb9&Prime; include_categories=\u00a0\u00bb9&Prime; show_thumbnail=\u00a0\u00bboff\u00a0\u00bb show_author=\u00a0\u00bboff\u00a0\u00bb show_date=\u00a0\u00bboff\u00a0\u00bb show_categories=\u00a0\u00bboff\u00a0\u00bb show_excerpt=\u00a0\u00bboff\u00a0\u00bb show_pagination=\u00a0\u00bboff\u00a0\u00bb _builder_version=\u00a0\u00bb4.27.4&Prime; _module_preset=\u00a0\u00bbdefault\u00a0\u00bb header_font=\u00a0\u00bb|800|||||||\u00a0\u00bb header_text_align=\u00a0\u00bbcenter\u00a0\u00bb header_text_color=\u00a0\u00bb#0C71C3&Prime; body_text_color=\u00a0\u00bbRGBA(255,255,255,0)\u00a0\u00bb background_color=\u00a0\u00bbRGBA(255,255,255,0)\u00a0\u00bb animation_style=\u00a0\u00bbfade\u00a0\u00bb border_radii=\u00a0\u00bbon|10px|10px|10px|10px\u00a0\u00bb border_width_all=\u00a0\u00bb2px\u00a0\u00bb border_color_all=\u00a0\u00bb#0C71C3&Prime; border_color_all_image=\u00a0\u00bbRGBA(255,255,255,0)\u00a0\u00bb box_shadow_style=\u00a0\u00bbpreset3&Prime; global_colors_info=\u00a0\u00bb{}\u00a0\u00bb][\/et_pb_blog][\/et_pb_column][\/et_pb_row][et_pb_row _builder_version=\u00a0\u00bb4.20.0&Prime; _module_preset=\u00a0\u00bbdefault\u00a0\u00bb global_colors_info=\u00a0\u00bb{}\u00a0\u00bb][et_pb_column type=\u00a0\u00bb4_4&Prime; _builder_version=\u00a0\u00bb4.20.0&Prime; _module_preset=\u00a0\u00bbdefault\u00a0\u00bb global_colors_info=\u00a0\u00bb{}\u00a0\u00bb][et_pb_text module_id=\u00a0\u00bbpostuler\u00a0\u00bb _builder_version=\u00a0\u00bb4.20.0&Prime; _module_preset=\u00a0\u00bbdefault\u00a0\u00bb header_3_font=\u00a0\u00bb|800|||||||\u00a0\u00bb header_3_text_color=\u00a0\u00bb#0C71C3&Prime; global_colors_info=\u00a0\u00bb{}\u00a0\u00bb]<\/p>\n<h3>Postuler<\/h3>\n<p>[\/et_pb_text][et_pb_code _builder_version=\u00a0\u00bb4.27.4&Prime; _module_preset=\u00a0\u00bbdefault\u00a0\u00bb text_orientation=\u00a0\u00bbleft\u00a0\u00bb global_colors_info=\u00a0\u00bb{}\u00a0\u00bb]\n<div class=\"wpcf7 no-js\" id=\"wpcf7-f107-o1\" lang=\"fr-FR\" dir=\"ltr\" data-wpcf7-id=\"107\">\n<div class=\"screen-reader-response\"><p role=\"status\" aria-live=\"polite\" aria-atomic=\"true\"><\/p> <ul><\/ul><\/div>\n<form action=\"\/index.php?rest_route=%2Fwp%2Fv2%2Fpages%2F71#wpcf7-f107-o1\" method=\"post\" class=\"wpcf7-form init\" aria-label=\"Formulaire de contact\" enctype=\"multipart\/form-data\" novalidate=\"novalidate\" data-status=\"init\">\n<fieldset class=\"hidden-fields-container\"><input type=\"hidden\" name=\"_wpcf7\" value=\"107\" \/><input type=\"hidden\" name=\"_wpcf7_version\" value=\"6.1.5\" \/><input type=\"hidden\" name=\"_wpcf7_locale\" value=\"fr_FR\" \/><input type=\"hidden\" name=\"_wpcf7_unit_tag\" value=\"wpcf7-f107-o1\" \/><input type=\"hidden\" name=\"_wpcf7_container_post\" value=\"0\" \/><input type=\"hidden\" name=\"_wpcf7_posted_data_hash\" value=\"\" \/>\n<\/fieldset>\n<p><label> Votre nom (obligatoire)<br \/>\n<span class=\"wpcf7-form-control-wrap\" data-name=\"your-name\"><input size=\"40\" maxlength=\"400\" class=\"wpcf7-form-control wpcf7-text wpcf7-validates-as-required\" aria-required=\"true\" aria-invalid=\"false\" value=\"\" type=\"text\" name=\"your-name\" \/><\/span> <\/label>\n<\/p>\n<p><label> Votre e-mail (obligatoire)<br \/>\n<span class=\"wpcf7-form-control-wrap\" data-name=\"your-email\"><input size=\"40\" maxlength=\"400\" class=\"wpcf7-form-control wpcf7-email wpcf7-validates-as-required wpcf7-text wpcf7-validates-as-email\" aria-required=\"true\" aria-invalid=\"false\" value=\"\" type=\"email\" name=\"your-email\" \/><\/span> <\/label>\n<\/p>\n<p><label> Pour quel emploi souhaitez vous postuler (obligatoire)<br \/>\n<span class=\"wpcf7-form-control-wrap\" data-name=\"emploi_label_element\"><span class=\"wpcf7-form-control wpcf7-checkbox wpcf7-validates-as-required\"><span class=\"wpcf7-list-item first\"><input type=\"checkbox\" name=\"emploi_label_element[]\" value=\"Soudeur\" \/><span class=\"wpcf7-list-item-label\">Soudeur<\/span><\/span><span class=\"wpcf7-list-item\"><input type=\"checkbox\" name=\"emploi_label_element[]\" value=\"Monteur\" \/><span class=\"wpcf7-list-item-label\">Monteur<\/span><\/span><span class=\"wpcf7-list-item\"><input type=\"checkbox\" name=\"emploi_label_element[]\" value=\"Echafaudeur\" \/><span class=\"wpcf7-list-item-label\">Echafaudeur<\/span><\/span><span class=\"wpcf7-list-item\"><input type=\"checkbox\" name=\"emploi_label_element[]\" value=\"Tuyauteur\" \/><span class=\"wpcf7-list-item-label\">Tuyauteur<\/span><\/span><span class=\"wpcf7-list-item\"><input type=\"checkbox\" name=\"emploi_label_element[]\" value=\"M\u00e9canicien\" \/><span class=\"wpcf7-list-item-label\">M\u00e9canicien<\/span><\/span><span class=\"wpcf7-list-item last\"><input type=\"checkbox\" name=\"emploi_label_element[]\" value=\"Candidature spontan\u00e9e\" \/><span class=\"wpcf7-list-item-label\">Candidature spontan\u00e9e<\/span><\/span><\/span><\/span> <\/label>\n<\/p>\n<p><label> Votre Curriculum Vit\u00e6*<br \/>\n<span class=\"wpcf7-form-control-wrap\" data-name=\"CV\"><input size=\"40\" class=\"wpcf7-form-control wpcf7-file wpcf7-validates-as-required\" accept=\".pdf,.jpeg,.jpg,.png\" aria-required=\"true\" aria-invalid=\"false\" type=\"file\" name=\"CV\" \/><\/span> <\/label>\n<\/p>\n<p><label> Votre message<br \/>\n<span class=\"wpcf7-form-control-wrap\" data-name=\"your-message\"><textarea cols=\"40\" rows=\"10\" maxlength=\"2000\" class=\"wpcf7-form-control wpcf7-textarea\" aria-invalid=\"false\" name=\"your-message\"><\/textarea><\/span> <\/label>\n<\/p>\n<p><input class=\"wpcf7-form-control wpcf7-submit has-spinner\" type=\"submit\" value=\"Envoyer\" \/>\n<\/p><div class=\"wpcf7-response-output\" aria-hidden=\"true\"><\/div>\n<\/form>\n<\/div>\n[\/et_pb_code][\/et_pb_column][\/et_pb_row][\/et_pb_section]<\/p>\n","protected":false},"excerpt":{"rendered":"<p>Postuler\n<div class=\"wpcf7 no-js\" id=\"wpcf7-f107-o2\" lang=\"fr-FR\" dir=\"ltr\" data-wpcf7-id=\"107\">\n<div class=\"screen-reader-response\"><p role=\"status\" aria-live=\"polite\" aria-atomic=\"true\"><\/p> <ul><\/ul><\/div>\n<form action=\"\/index.php?rest_route=%2Fwp%2Fv2%2Fpages%2F71#wpcf7-f107-o2\" method=\"post\" class=\"wpcf7-form init\" aria-label=\"Formulaire de contact\" enctype=\"multipart\/form-data\" novalidate=\"novalidate\" data-status=\"init\">\n<fieldset class=\"hidden-fields-container\"><input type=\"hidden\" name=\"_wpcf7\" value=\"107\" \/><input type=\"hidden\" name=\"_wpcf7_version\" value=\"6.1.5\" \/><input type=\"hidden\" name=\"_wpcf7_locale\" value=\"fr_FR\" \/><input type=\"hidden\" name=\"_wpcf7_unit_tag\" value=\"wpcf7-f107-o2\" \/><input type=\"hidden\" name=\"_wpcf7_container_post\" value=\"0\" \/><input type=\"hidden\" name=\"_wpcf7_posted_data_hash\" value=\"\" \/>\n<\/fieldset>\n<p><label> Votre nom (obligatoire)<br \/>\n<span class=\"wpcf7-form-control-wrap\" data-name=\"your-name\"><input size=\"40\" maxlength=\"400\" class=\"wpcf7-form-control wpcf7-text wpcf7-validates-as-required\" aria-required=\"true\" aria-invalid=\"false\" value=\"\" type=\"text\" name=\"your-name\" \/><\/span> <\/label>\n<\/p>\n<p><label> Votre e-mail (obligatoire)<br \/>\n<span class=\"wpcf7-form-control-wrap\" data-name=\"your-email\"><input size=\"40\" maxlength=\"400\" class=\"wpcf7-form-control wpcf7-email wpcf7-validates-as-required wpcf7-text wpcf7-validates-as-email\" aria-required=\"true\" aria-invalid=\"false\" value=\"\" type=\"email\" name=\"your-email\" \/><\/span> <\/label>\n<\/p>\n<p><label> Pour quel emploi souhaitez vous postuler (obligatoire)<br \/>\n<span class=\"wpcf7-form-control-wrap\" data-name=\"emploi_label_element\"><span class=\"wpcf7-form-control wpcf7-checkbox wpcf7-validates-as-required\"><span class=\"wpcf7-list-item first\"><input type=\"checkbox\" name=\"emploi_label_element[]\" value=\"Soudeur\" \/><span class=\"wpcf7-list-item-label\">Soudeur<\/span><\/span><span class=\"wpcf7-list-item\"><input type=\"checkbox\" name=\"emploi_label_element[]\" value=\"Monteur\" \/><span class=\"wpcf7-list-item-label\">Monteur<\/span><\/span><span class=\"wpcf7-list-item\"><input type=\"checkbox\" name=\"emploi_label_element[]\" value=\"Echafaudeur\" \/><span class=\"wpcf7-list-item-label\">Echafaudeur<\/span><\/span><span class=\"wpcf7-list-item\"><input type=\"checkbox\" name=\"emploi_label_element[]\" value=\"Tuyauteur\" \/><span class=\"wpcf7-list-item-label\">Tuyauteur<\/span><\/span><span class=\"wpcf7-list-item\"><input type=\"checkbox\" name=\"emploi_label_element[]\" value=\"M\u00e9canicien\" \/><span class=\"wpcf7-list-item-label\">M\u00e9canicien<\/span><\/span><span class=\"wpcf7-list-item last\"><input type=\"checkbox\" name=\"emploi_label_element[]\" value=\"Candidature spontan\u00e9e\" \/><span class=\"wpcf7-list-item-label\">Candidature spontan\u00e9e<\/span><\/span><\/span><\/span> <\/label>\n<\/p>\n<p><label> Votre Curriculum Vit\u00e6*<br \/>\n<span class=\"wpcf7-form-control-wrap\" data-name=\"CV\"><input size=\"40\" class=\"wpcf7-form-control wpcf7-file wpcf7-validates-as-required\" accept=\".pdf,.jpeg,.jpg,.png\" aria-required=\"true\" aria-invalid=\"false\" type=\"file\" name=\"CV\" \/><\/span> <\/label>\n<\/p>\n<p><label> Votre message<br \/>\n<span class=\"wpcf7-form-control-wrap\" data-name=\"your-message\"><textarea cols=\"40\" rows=\"10\" maxlength=\"2000\" class=\"wpcf7-form-control wpcf7-textarea\" aria-invalid=\"false\" name=\"your-message\"><\/textarea><\/span> <\/label>\n<\/p>\n<p><input class=\"wpcf7-form-control wpcf7-submit has-spinner\" type=\"submit\" value=\"Envoyer\" \/>\n<\/p><div class=\"wpcf7-response-output\" aria-hidden=\"true\"><\/div>\n<\/form>\n<\/div>\n<\/p>\n","protected":false},"author":2,"featured_media":0,"parent":0,"menu_order":0,"comment_status":"closed","ping_status":"closed","template":"","meta":{"_et_pb_use_builder":"on","_et_pb_old_content":"<div id=\"content\">\n<h2>Voici nos annonces en cours.<\/h2>\n<a href=\"https:\/\/www.realtec-groupe.com\/?page_id=108\">&gt;&gt; Candidature spontann\u00e9e<\/a>\n<div class=\"cartouche\">\n<div class=\"descript\">\n<h3>SOUTIENT ARR\u00caTS\/PROJETS :<\/h3>\n<div class=\"NewsSummarySummary\">\n<h4><strong>D\u00e9finition du profil :<\/strong><\/h4>\nVous connaissez le monde industriel en g\u00e9n\u00e9ral, ces exigences. Vous parlez parfaitement plusieurs langues. Vous \u00eates capable de traduire des documents et\/ou des conversations tout en restant objectif.\n<h4><strong>D\u00e9finition de fonctions :<\/strong><\/h4>\nAssister nos \u00e9quipes projets sur les diff\u00e9rents sites d\u2019interventions. Ces postes partagent temps sur chantier et temps aux bureaux.\n\nVous maitrisez&nbsp;: le Roumain, le Russe, l\u2019Anglais, ou d\u2019autres langues Europ\u00e9ennes.\n\n<\/div>\n<\/div>\n<div class=\"postuler \"><a href=\"https:\/\/www.realtec-groupe.com\/?page_id=111\"><img class=\"alignnone\" src=\"https:\/\/www.realtec-groupe.com\/uploads\/images\/fleche.png\" alt=\"Postuler\" width=\"140\" height=\"120\"><\/a><\/div>\n<div><\/div>\n<\/div>\n<div class=\"cartouche\">\n<div class=\"descript\">\n<h3>PR\u00c9PARATEUR ARR\u00caTS\/PROJETS<\/h3>\n<div class=\"NewsSummarySummary\">\n<h4><strong>D\u00e9finition du profil :<\/strong><\/h4>\nTechnicien ou ing\u00e9nieur issu d\u2019une formation en maintenance industrielle, ayant au moins 5 ans d\u2019exp\u00e9rience en pr\u00e9paration et planification d\u2019arr\u00eat d\u2019unit\u00e9 dans le secteur chimique et p\u00e9trochimique. Vous \u00eates conscient de ce que veut dire \u00ab&nbsp;prestation de service&nbsp;\u00bb et ce que \u00ab&nbsp;service&nbsp;\u00bb veut dire. Discret, au service de nos clients, force de proposition, objectif.\n<h4><strong>D\u00e9finition de fonctions :<\/strong><\/h4>\nCharg\u00e9 de la pr\u00e9paration des travaux par zone ou par type d\u2019\u00e9quipements ainsi que de l\u2019estimation financi\u00e8re de ceux-ci. Etablissement des gammes de travaux d\u00e9taill\u00e9es sur un logiciel choisi par le client, participer aux r\u00e9union de pr\u00e9paration, participer \u00e0 la consolidation du planning.\n\n<\/div>\n<\/div>\n<div class=\"postuler \"><a href=\"https:\/\/www.realtec-groupe.com\/?page_id=117\"><img class=\"alignnone\" src=\"https:\/\/www.realtec-groupe.com\/uploads\/images\/fleche.png\" alt=\"Postuler\" width=\"140\" height=\"120\"><\/a><\/div>\n<div><\/div>\n<\/div>\n<\/div>\n<div id=\"footer\"><\/div>","_et_gb_content_width":"","footnotes":""},"class_list":["post-71","page","type-page","status-publish","hentry"],"_links":{"self":[{"href":"https:\/\/www.realtec-groupe.com\/index.php?rest_route=\/wp\/v2\/pages\/71","targetHints":{"allow":["GET"]}}],"collection":[{"href":"https:\/\/www.realtec-groupe.com\/index.php?rest_route=\/wp\/v2\/pages"}],"about":[{"href":"https:\/\/www.realtec-groupe.com\/index.php?rest_route=\/wp\/v2\/types\/page"}],"author":[{"embeddable":true,"href":"https:\/\/www.realtec-groupe.com\/index.php?rest_route=\/wp\/v2\/users\/2"}],"replies":[{"embeddable":true,"href":"https:\/\/www.realtec-groupe.com\/index.php?rest_route=%2Fwp%2Fv2%2Fcomments&post=71"}],"version-history":[{"count":15,"href":"https:\/\/www.realtec-groupe.com\/index.php?rest_route=\/wp\/v2\/pages\/71\/revisions"}],"predecessor-version":[{"id":933,"href":"https:\/\/www.realtec-groupe.com\/index.php?rest_route=\/wp\/v2\/pages\/71\/revisions\/933"}],"wp:attachment":[{"href":"https:\/\/www.realtec-groupe.com\/index.php?rest_route=%2Fwp%2Fv2%2Fmedia&parent=71"}],"curies":[{"name":"wp","href":"https:\/\/api.w.org\/{rel}","templated":true}]}}